{"id":9,"date":"2020-10-15T08:03:05","date_gmt":"2020-10-15T08:03:05","guid":{"rendered":"https:\/\/energiekonzept-saar.de\/?page_id=9"},"modified":"2026-05-04T15:02:54","modified_gmt":"2026-05-04T13:02:54","slug":"energiekonzept-saar","status":"publish","type":"page","link":"https:\/\/energiekonzept-saar.de\/","title":{"rendered":"Home"},"content":{"rendered":"","protected":false},"excerpt":{"rendered":"","protected":false},"author":1,"featured_media":0,"parent":0,"menu_order":0,"comment_status":"open","ping_status":"closed","template":"","meta":{"footnotes":""},"class_list":["post-9","page","type-page","status-publish","hentry"],"yoast_head":"<!-- This site is optimized with the Yoast SEO plugin v27.2 - https:\/\/yoast.com\/product\/yoast-seo-wordpress\/ -->\n<title>Energiekonzept Saar - Energie sparen<\/title>\n<meta name=\"description\" content=\"Energiekonzept Saar - Sparen Sie Energie, nutzen Sie F\u00f6rderm\u00f6glichkeiten, entwickeln Sie Ihr Geb\u00e4ude optimal weiter! Wir beraten Sie!\" \/>\n<meta name=\"robots\" content=\"index, follow, max-snippet:-1, max-image-preview:large, max-video-preview:-1\" \/>\n<link rel=\"canonical\" href=\"https:\/\/energiekonzept-saar.de\/\" \/>\n<meta property=\"og:locale\" content=\"de_DE\" \/>\n<meta property=\"og:type\" content=\"article\" \/>\n<meta property=\"og:title\" content=\"Energiekonzept Saar - Energie sparen\" \/>\n<meta property=\"og:description\" content=\"Energiekonzept Saar - Sparen Sie Energie, nutzen Sie F\u00f6rderm\u00f6glichkeiten, entwickeln Sie Ihr Geb\u00e4ude optimal weiter! Wir beraten Sie!\" \/>\n<meta property=\"og:url\" content=\"https:\/\/energiekonzept-saar.de\/\" \/>\n<meta property=\"og:site_name\" content=\"energiekonzept-saar.de\" \/>\n<meta property=\"article:modified_time\" content=\"2026-05-04T13:02:54+00:00\" \/>\n<meta property=\"og:image\" content=\"https:\/\/energiekonzept-saar.de\/wp-content\/uploads\/2026\/03\/Element-2@300x.png\" \/>\n\t<meta property=\"og:image:width\" content=\"1232\" \/>\n\t<meta property=\"og:image:height\" content=\"637\" \/>\n\t<meta property=\"og:image:type\" content=\"image\/png\" \/>\n<script type=\"application\/ld+json\" class=\"yoast-schema-graph\">{\"@context\":\"https:\/\/schema.org\",\"@graph\":[{\"@type\":\"WebPage\",\"@id\":\"https:\/\/energiekonzept-saar.de\/\",\"url\":\"https:\/\/energiekonzept-saar.de\/\",\"name\":\"Energiekonzept Saar - Energie sparen\",\"isPartOf\":{\"@id\":\"https:\/\/energiekonzept-saar.de\/#website\"},\"datePublished\":\"2020-10-15T08:03:05+00:00\",\"dateModified\":\"2026-05-04T13:02:54+00:00\",\"description\":\"Energiekonzept Saar - Sparen Sie Energie, nutzen Sie F\u00f6rderm\u00f6glichkeiten, entwickeln Sie Ihr Geb\u00e4ude optimal weiter! Wir beraten Sie!\",\"breadcrumb\":{\"@id\":\"https:\/\/energiekonzept-saar.de\/#breadcrumb\"},\"inLanguage\":\"de\",\"potentialAction\":[{\"@type\":\"ReadAction\",\"target\":[\"https:\/\/energiekonzept-saar.de\/\"]}]},{\"@type\":\"BreadcrumbList\",\"@id\":\"https:\/\/energiekonzept-saar.de\/#breadcrumb\",\"itemListElement\":[{\"@type\":\"ListItem\",\"position\":1,\"name\":\"Start\",\"item\":\"https:\/\/energiekonzept-saar.de\/\"},{\"@type\":\"ListItem\",\"position\":2,\"name\":\"Home\"}]},{\"@type\":\"WebSite\",\"@id\":\"https:\/\/energiekonzept-saar.de\/#website\",\"url\":\"https:\/\/energiekonzept-saar.de\/\",\"name\":\"energiekonzept-saar.de\",\"description\":\"\",\"publisher\":{\"@id\":\"https:\/\/energiekonzept-saar.de\/#organization\"},\"potentialAction\":[{\"@type\":\"SearchAction\",\"target\":{\"@type\":\"EntryPoint\",\"urlTemplate\":\"https:\/\/energiekonzept-saar.de\/?s={search_term_string}\"},\"query-input\":{\"@type\":\"PropertyValueSpecification\",\"valueRequired\":true,\"valueName\":\"search_term_string\"}}],\"inLanguage\":\"de\"},{\"@type\":\"Organization\",\"@id\":\"https:\/\/energiekonzept-saar.de\/#organization\",\"name\":\"Energiekonzept Saar\",\"url\":\"https:\/\/energiekonzept-saar.de\/\",\"logo\":{\"@type\":\"ImageObject\",\"inLanguage\":\"de\",\"@id\":\"https:\/\/energiekonzept-saar.de\/#\/schema\/logo\/image\/\",\"url\":\"https:\/\/energiekonzept-saar.de\/wp-content\/uploads\/2026\/03\/Element-2@300x.png\",\"contentUrl\":\"https:\/\/energiekonzept-saar.de\/wp-content\/uploads\/2026\/03\/Element-2@300x.png\",\"width\":1232,\"height\":637,\"caption\":\"Energiekonzept Saar\"},\"image\":{\"@id\":\"https:\/\/energiekonzept-saar.de\/#\/schema\/logo\/image\/\"}}]}<\/script>\n<!-- \/ Yoast SEO plugin. -->","yoast_head_json":{"title":"Energiekonzept Saar - Energie sparen","description":"Energiekonzept Saar - Sparen Sie Energie, nutzen Sie F\u00f6rderm\u00f6glichkeiten, entwickeln Sie Ihr Geb\u00e4ude optimal weiter! Wir beraten Sie!","robots":{"index":"index","follow":"follow","max-snippet":"max-snippet:-1","max-image-preview":"max-image-preview:large","max-video-preview":"max-video-preview:-1"},"canonical":"https:\/\/energiekonzept-saar.de\/","og_locale":"de_DE","og_type":"article","og_title":"Energiekonzept Saar - Energie sparen","og_description":"Energiekonzept Saar - Sparen Sie Energie, nutzen Sie F\u00f6rderm\u00f6glichkeiten, entwickeln Sie Ihr Geb\u00e4ude optimal weiter! Wir beraten Sie!","og_url":"https:\/\/energiekonzept-saar.de\/","og_site_name":"energiekonzept-saar.de","article_modified_time":"2026-05-04T13:02:54+00:00","og_image":[{"width":1232,"height":637,"url":"https:\/\/energiekonzept-saar.de\/wp-content\/uploads\/2026\/03\/Element-2@300x.png","type":"image\/png"}],"schema":{"@context":"https:\/\/schema.org","@graph":[{"@type":"WebPage","@id":"https:\/\/energiekonzept-saar.de\/","url":"https:\/\/energiekonzept-saar.de\/","name":"Energiekonzept Saar - Energie sparen","isPartOf":{"@id":"https:\/\/energiekonzept-saar.de\/#website"},"datePublished":"2020-10-15T08:03:05+00:00","dateModified":"2026-05-04T13:02:54+00:00","description":"Energiekonzept Saar - Sparen Sie Energie, nutzen Sie F\u00f6rderm\u00f6glichkeiten, entwickeln Sie Ihr Geb\u00e4ude optimal weiter! Wir beraten Sie!","breadcrumb":{"@id":"https:\/\/energiekonzept-saar.de\/#breadcrumb"},"inLanguage":"de","potentialAction":[{"@type":"ReadAction","target":["https:\/\/energiekonzept-saar.de\/"]}]},{"@type":"BreadcrumbList","@id":"https:\/\/energiekonzept-saar.de\/#breadcrumb","itemListElement":[{"@type":"ListItem","position":1,"name":"Start","item":"https:\/\/energiekonzept-saar.de\/"},{"@type":"ListItem","position":2,"name":"Home"}]},{"@type":"WebSite","@id":"https:\/\/energiekonzept-saar.de\/#website","url":"https:\/\/energiekonzept-saar.de\/","name":"energiekonzept-saar.de","description":"","publisher":{"@id":"https:\/\/energiekonzept-saar.de\/#organization"},"potentialAction":[{"@type":"SearchAction","target":{"@type":"EntryPoint","urlTemplate":"https:\/\/energiekonzept-saar.de\/?s={search_term_string}"},"query-input":{"@type":"PropertyValueSpecification","valueRequired":true,"valueName":"search_term_string"}}],"inLanguage":"de"},{"@type":"Organization","@id":"https:\/\/energiekonzept-saar.de\/#organization","name":"Energiekonzept Saar","url":"https:\/\/energiekonzept-saar.de\/","logo":{"@type":"ImageObject","inLanguage":"de","@id":"https:\/\/energiekonzept-saar.de\/#\/schema\/logo\/image\/","url":"https:\/\/energiekonzept-saar.de\/wp-content\/uploads\/2026\/03\/Element-2@300x.png","contentUrl":"https:\/\/energiekonzept-saar.de\/wp-content\/uploads\/2026\/03\/Element-2@300x.png","width":1232,"height":637,"caption":"Energiekonzept Saar"},"image":{"@id":"https:\/\/energiekonzept-saar.de\/#\/schema\/logo\/image\/"}}]}},"_links":{"self":[{"href":"https:\/\/energiekonzept-saar.de\/index.php?rest_route=\/wp\/v2\/pages\/9","targetHints":{"allow":["GET"]}}],"collection":[{"href":"https:\/\/energiekonzept-saar.de\/index.php?rest_route=\/wp\/v2\/pages"}],"about":[{"href":"https:\/\/energiekonzept-saar.de\/index.php?rest_route=\/wp\/v2\/types\/page"}],"author":[{"embeddable":true,"href":"https:\/\/energiekonzept-saar.de\/index.php?rest_route=\/wp\/v2\/users\/1"}],"replies":[{"embeddable":true,"href":"https:\/\/energiekonzept-saar.de\/index.php?rest_route=%2Fwp%2Fv2%2Fcomments&post=9"}],"version-history":[{"count":1,"href":"https:\/\/energiekonzept-saar.de\/index.php?rest_route=\/wp\/v2\/pages\/9\/revisions"}],"predecessor-version":[{"id":400,"href":"https:\/\/energiekonzept-saar.de\/index.php?rest_route=\/wp\/v2\/pages\/9\/revisions\/400"}],"wp:attachment":[{"href":"https:\/\/energiekonzept-saar.de\/index.php?rest_route=%2Fwp%2Fv2%2Fmedia&parent=9"}],"curies":[{"name":"wp","href":"https:\/\/api.w.org\/{rel}","templated":true}]}}